{"id":1307,"date":"2021-01-26T11:00:14","date_gmt":"2021-01-26T11:00:14","guid":{"rendered":"https:\/\/www.dowert-macht-mit.de\/?page_id=1307"},"modified":"2021-05-31T09:20:46","modified_gmt":"2021-05-31T09:20:46","slug":"baski","status":"publish","type":"page","link":"https:\/\/www.dowert-macht-mit.de\/tr\/baski\/","title":{"rendered":"Bask\u0131"},"content":{"rendered":"\t\t<div data-elementor-type=\"wp-page\" data-elementor-id=\"1307\" class=\"elementor elementor-1307\" data-elementor-post-type=\"page\">\n\t\t\t\t\t\t<section class=\"elementor-section elementor-top-section elementor-element elementor-element-54cdc56 claim section reset-top reset-bottom elementor-section-boxed elementor-section-height-default elementor-section-height-default\" data-id=\"54cdc56\" data-element_type=\"section\" data-e-type=\"section\" data-settings=\"{&quot;background_background&quot;:&quot;classic&quot;}\">\n\t\t\t\t\t\t<div class=\"elementor-container elementor-column-gap-default\">\n\t\t\t\t\t<div class=\"elementor-column elementor-col-100 elementor-top-column elementor-element elementor-element-3b0bbc9\" data-id=\"3b0bbc9\" data-element_type=\"column\" data-e-type=\"column\">\n\t\t\t<div class=\"elementor-widget-wrap elementor-element-populated\">\n\t\t\t\t\t\t<div class=\"elementor-element elementor-element-ef39ed0 elementor-widget elementor-widget-text-editor\" data-id=\"ef39ed0\" data-element_type=\"widget\" data-e-type=\"widget\" data-widget_type=\"text-editor.default\">\n\t\t\t\t<div class=\"elementor-widget-container\">\n\t\t\t\t\t\t\t\t\t<p>GELECE\u011e\u0130 D\u00dc\u015e\u00dcN\u00dcN.<\/p>\t\t\t\t\t\t\t\t<\/div>\n\t\t\t\t<\/div>\n\t\t\t\t\t<\/div>\n\t\t<\/div>\n\t\t\t\t\t<\/div>\n\t\t<\/section>\n\t\t\t\t<section class=\"elementor-section elementor-top-section elementor-element elementor-element-08c93de elementor-section-full_width section elementor-section-height-default elementor-section-height-default\" data-id=\"08c93de\" data-element_type=\"section\" data-e-type=\"section\" data-settings=\"{&quot;background_background&quot;:&quot;classic&quot;}\">\n\t\t\t\t\t\t<div class=\"elementor-container elementor-column-gap-default\">\n\t\t\t\t\t<div class=\"elementor-column elementor-col-100 elementor-top-column elementor-element elementor-element-edc14f9\" data-id=\"edc14f9\" data-element_type=\"column\" data-e-type=\"column\">\n\t\t\t<div class=\"elementor-widget-wrap elementor-element-populated\">\n\t\t\t\t\t\t<div class=\"elementor-element elementor-element-07a80a1 elementor-widget__width-auto elementor-absolute root-button elementor-widget elementor-widget-button\" data-id=\"07a80a1\" data-element_type=\"widget\" data-e-type=\"widget\" data-settings=\"{&quot;_position&quot;:&quot;absolute&quot;}\" data-widget_type=\"button.default\">\n\t\t\t\t<div class=\"elementor-widget-container\">\n\t\t\t\t\t\t\t\t\t<div class=\"elementor-button-wrapper\">\n\t\t\t\t\t<a class=\"elementor-button elementor-button-link elementor-size-sm\" href=\"https:\/\/www.dowert-macht-mit.de\/tr\/\" rel=\"nofollow\">\n\t\t\t\t\t\t<span class=\"elementor-button-content-wrapper\">\n\t\t\t\t\t\t<span class=\"elementor-button-icon\">\n\t\t\t\t<i aria-hidden=\"true\" class=\"fas fa-chevron-circle-left\"><\/i>\t\t\t<\/span>\n\t\t\t\t\t\t\t\t\t<span class=\"elementor-button-text\">geri<\/span>\n\t\t\t\t\t<\/span>\n\t\t\t\t\t<\/a>\n\t\t\t\t<\/div>\n\t\t\t\t\t\t\t\t<\/div>\n\t\t\t\t<\/div>\n\t\t\t\t\t<\/div>\n\t\t<\/div>\n\t\t\t\t\t<\/div>\n\t\t<\/section>\n\t\t\t\t<section class=\"elementor-section elementor-top-section elementor-element elementor-element-f931253 section elementor-section-height-min-height elementor-section-items-top elementor-section-boxed elementor-section-height-default\" data-id=\"f931253\" data-element_type=\"section\" data-e-type=\"section\">\n\t\t\t\t\t\t<div class=\"elementor-container elementor-column-gap-default\">\n\t\t\t\t\t<div class=\"elementor-column elementor-col-100 elementor-top-column elementor-element elementor-element-28a5e6b\" data-id=\"28a5e6b\" data-element_type=\"column\" data-e-type=\"column\">\n\t\t\t<div class=\"elementor-widget-wrap elementor-element-populated\">\n\t\t\t\t\t\t<div class=\"elementor-element elementor-element-bcdd77d elementor-widget elementor-widget-heading\" data-id=\"bcdd77d\" data-element_type=\"widget\" data-e-type=\"widget\" data-widget_type=\"heading.default\">\n\t\t\t\t<div class=\"elementor-widget-container\">\n\t\t\t\t\t<h2 class=\"elementor-heading-title elementor-size-default\">Bask\u0131<\/h2>\t\t\t\t<\/div>\n\t\t\t\t<\/div>\n\t\t\t\t<div class=\"elementor-element elementor-element-7e1633e elementor-widget elementor-widget-heading\" data-id=\"7e1633e\" data-element_type=\"widget\" data-e-type=\"widget\" data-widget_type=\"heading.default\">\n\t\t\t\t<div class=\"elementor-widget-container\">\n\t\t\t\t\t<p class=\"elementor-heading-title elementor-size-default\">DOWERT Dortmunder Wertstoff GmbH<\/p>\t\t\t\t<\/div>\n\t\t\t\t<\/div>\n\t\t\t\t<div class=\"elementor-element elementor-element-437c4fd elementor-widget elementor-widget-heading\" data-id=\"437c4fd\" data-element_type=\"widget\" data-e-type=\"widget\" data-widget_type=\"heading.default\">\n\t\t\t\t<div class=\"elementor-widget-container\">\n\t\t\t\t\t<p class=\"elementor-heading-title elementor-size-default\">\u00c7al\u0131\u015fma<\/p>\t\t\t\t<\/div>\n\t\t\t\t<\/div>\n\t\t\t\t<div class=\"elementor-element elementor-element-5c73635 elementor-widget elementor-widget-text-editor\" data-id=\"5c73635\" data-element_type=\"widget\" data-e-type=\"widget\" data-widget_type=\"text-editor.default\">\n\t\t\t\t<div class=\"elementor-widget-container\">\n\t\t\t\t\t\t\t\t\t<p>Pottgie\u00dferstra\u00dfe 20<br \/>44147 Dortmund<\/p>\t\t\t\t\t\t\t\t<\/div>\n\t\t\t\t<\/div>\n\t\t\t\t<div class=\"elementor-element elementor-element-62d2b01 elementor-widget elementor-widget-text-editor\" data-id=\"62d2b01\" data-element_type=\"widget\" data-e-type=\"widget\" data-widget_type=\"text-editor.default\">\n\t\t\t\t<div class=\"elementor-widget-container\">\n\t\t\t\t\t\t\t\t\t<p><span class=\"futura-normal\">T 0231 9111.680<br>F 0231 9111.96180<\/span>&nbsp;<\/p>\t\t\t\t\t\t\t\t<\/div>\n\t\t\t\t<\/div>\n\t\t\t\t<div class=\"elementor-element elementor-element-7a95860 elementor-widget elementor-widget-text-editor\" data-id=\"7a95860\" data-element_type=\"widget\" data-e-type=\"widget\" data-widget_type=\"text-editor.default\">\n\t\t\t\t<div class=\"elementor-widget-container\">\n\t\t\t\t\t\t\t\t\t\u015eirketin kay\u0131tl\u0131 ofisi: Dortmund\nKay\u0131t Defteri Mahkemesi: B\u00f6lge Mahkemesi Dortmund HRB 23493\t\t\t\t\t\t\t\t<\/div>\n\t\t\t\t<\/div>\n\t\t\t\t<div class=\"elementor-element elementor-element-5811de6 elementor-widget elementor-widget-text-editor\" data-id=\"5811de6\" data-element_type=\"widget\" data-e-type=\"widget\" data-widget_type=\"text-editor.default\">\n\t\t\t\t<div class=\"elementor-widget-container\">\n\t\t\t\t\t\t\t\t\tY\u00f6netici: Georg Krieger\t\t\t\t\t\t\t\t<\/div>\n\t\t\t\t<\/div>\n\t\t\t\t<div class=\"elementor-element elementor-element-4cf6031 elementor-widget elementor-widget-text-editor\" data-id=\"4cf6031\" data-element_type=\"widget\" data-e-type=\"widget\" data-widget_type=\"text-editor.default\">\n\t\t\t\t<div class=\"elementor-widget-container\">\n\t\t\t\t\t\t\t\t\tKDV numaras\u0131 DE 274751821\t\t\t\t\t\t\t\t<\/div>\n\t\t\t\t<\/div>\n\t\t\t\t<div class=\"elementor-element elementor-element-ba6d583 elementor-widget elementor-widget-text-editor\" data-id=\"ba6d583\" data-element_type=\"widget\" data-e-type=\"widget\" data-widget_type=\"text-editor.default\">\n\t\t\t\t<div class=\"elementor-widget-container\">\n\t\t\t\t\t\t\t\t\t<p><span style=\"text-decoration: underline;\"><a title=\"Link: info@dowert.de\" href=\"mailto:info@dowert.de\" target=\"_self\">info@dowert.de<\/a><\/span><br \/><span style=\"text-decoration: underline;\"><a title=\"Link: www.dowert.de\" href=\"http:\/\/www.dowert.de\/\" target=\"_self\" rel=\"noopener\">www.dowert.de<\/a><\/span><\/p>\t\t\t\t\t\t\t\t<\/div>\n\t\t\t\t<\/div>\n\t\t\t\t<div class=\"elementor-element elementor-element-0387457 elementor-widget elementor-widget-text-editor\" data-id=\"0387457\" data-element_type=\"widget\" data-e-type=\"widget\" data-widget_type=\"text-editor.default\">\n\t\t\t\t<div class=\"elementor-widget-container\">\n\t\t\t\t\t\t\t\t\tCSBG&#8217;nin \u00a7 36 I No.1 maddesine g\u00f6re bir t\u00fcketici yerle\u015fim birimi \u00f6ncesinde anla\u015fmazl\u0131klar\u0131n \u00e7\u00f6z\u00fcm\u00fc s\u00fcre\u00e7lerine hi\u00e7bir kat\u0131l\u0131m\u0131n ger\u00e7ekle\u015fmedi\u011fini belirtiyoruz.\t\t\t\t\t\t\t\t<\/div>\n\t\t\t\t<\/div>\n\t\t\t\t<div class=\"elementor-element elementor-element-b002e99 elementor-widget elementor-widget-heading\" data-id=\"b002e99\" data-element_type=\"widget\" data-e-type=\"widget\" data-widget_type=\"heading.default\">\n\t\t\t\t<div class=\"elementor-widget-container\">\n\t\t\t\t\t<p class=\"elementor-heading-title elementor-size-default\">Web sitemizdeki t\u00fcm linklere dikkat edin<\/p>\t\t\t\t<\/div>\n\t\t\t\t<\/div>\n\t\t\t\t<div class=\"elementor-element elementor-element-23dc28f elementor-widget elementor-widget-text-editor\" data-id=\"23dc28f\" data-element_type=\"widget\" data-e-type=\"widget\" data-widget_type=\"text-editor.default\">\n\t\t\t\t<div class=\"elementor-widget-container\">\n\t\t\t\t\t\t\t\t\t<p>Web sitemizdeki t\u00fcm linklere dikkat edin<br \/>Hamburg B\u00f6lge Mahkemesi 12 May\u0131s 1998 tarihli karar\u0131nda, bir link sa\u011flayarak ba\u011flant\u0131l\u0131 sayfan\u0131n i\u00e7eri\u011finden bir ki\u015finin sorumlu oldu\u011funa karar verdi. LG&#8217;ye g\u00f6re, bu durum ancak a\u00e7\u0131k\u00e7a bu i\u00e7eriklerden uzakla\u015farak \u00f6nlenebilir. Bu ana sayfan\u0131n \u00e7e\u015fitli sayfalar\u0131nda internetteki di\u011fer sitelere linkler sa\u011flad\u0131k. T\u00fcm bu linkler i\u00e7in: Ba\u011flant\u0131l\u0131 sitenin tasar\u0131m\u0131 ve i\u00e7eri\u011fi \u00fczerinde hi\u00e7bir etkimiz olmad\u0131\u011f\u0131n\u0131 ve i\u00e7eri\u011fini desteklemedi\u011fimizi vurgulamak isteriz. Bu bildirim ana sayfam\u0131zdaki t\u00fcm ba\u011flant\u0131lar i\u00e7in ge\u00e7erlidir.<\/p>\t\t\t\t\t\t\t\t<\/div>\n\t\t\t\t<\/div>\n\t\t\t\t\t<\/div>\n\t\t<\/div>\n\t\t\t\t\t<\/div>\n\t\t<\/section>\n\t\t\t\t<\/div>\n\t\t","protected":false},"excerpt":{"rendered":"<p>GELECE\u011e\u0130 D\u00dc\u015e\u00dcN\u00dcN. geri Bask\u0131 DOWERT Dortmunder Wertstoff GmbH \u00c7al\u0131\u015fma Pottgie\u00dferstra\u00dfe 2044147 Dortmund T 0231 9111.680F 0231 9111.96180&nbsp; \u015eirketin kay\u0131tl\u0131 ofisi: Dortmund Kay\u0131t Defteri Mahkemesi: B\u00f6lge Mahkemesi Dortmund HRB 23493Y\u00f6netici: Georg KriegerKDV numaras\u0131 DE 274751821 info@dowert.dewww.dowert.de CSBG&#8217;nin \u00a7 36 I No.1 maddesine g\u00f6re bir t\u00fcketici yerle\u015fim birimi \u00f6ncesinde anla\u015fmazl\u0131klar\u0131n \u00e7\u00f6z\u00fcm\u00fc s\u00fcre\u00e7lerine hi\u00e7bir kat\u0131l\u0131m\u0131n ger\u00e7ekle\u015fmedi\u011fini belirtiyoruz. Web [&hellip;]<\/p>\n","protected":false},"author":1,"featured_media":0,"parent":0,"menu_order":0,"comment_status":"closed","ping_status":"closed","template":"elementor_header_footer","meta":{"footnotes":""},"class_list":["post-1307","page","type-page","status-publish","hentry"],"_links":{"self":[{"href":"https:\/\/www.dowert-macht-mit.de\/tr\/wp-json\/wp\/v2\/pages\/1307","targetHints":{"allow":["GET"]}}],"collection":[{"href":"https:\/\/www.dowert-macht-mit.de\/tr\/wp-json\/wp\/v2\/pages"}],"about":[{"href":"https:\/\/www.dowert-macht-mit.de\/tr\/wp-json\/wp\/v2\/types\/page"}],"author":[{"embeddable":true,"href":"https:\/\/www.dowert-macht-mit.de\/tr\/wp-json\/wp\/v2\/users\/1"}],"replies":[{"embeddable":true,"href":"https:\/\/www.dowert-macht-mit.de\/tr\/wp-json\/wp\/v2\/comments?post=1307"}],"version-history":[{"count":19,"href":"https:\/\/www.dowert-macht-mit.de\/tr\/wp-json\/wp\/v2\/pages\/1307\/revisions"}],"predecessor-version":[{"id":1591,"href":"https:\/\/www.dowert-macht-mit.de\/tr\/wp-json\/wp\/v2\/pages\/1307\/revisions\/1591"}],"wp:attachment":[{"href":"https:\/\/www.dowert-macht-mit.de\/tr\/wp-json\/wp\/v2\/media?parent=1307"}],"curies":[{"name":"wp","href":"https:\/\/api.w.org\/{rel}","templated":true}]}}