{"id":1068,"date":"2021-01-21T15:00:28","date_gmt":"2021-01-21T15:00:28","guid":{"rendered":"https:\/\/www.dowert-macht-mit.de\/?page_id=1068"},"modified":"2021-05-31T09:21:38","modified_gmt":"2021-05-31T09:21:38","slug":"mentiuni-legale","status":"publish","type":"page","link":"https:\/\/www.dowert-macht-mit.de\/ro\/mentiuni-legale\/","title":{"rendered":"Men\u021biuni legale"},"content":{"rendered":"\t\t<div data-elementor-type=\"wp-page\" data-elementor-id=\"1068\" class=\"elementor elementor-1068\" data-elementor-post-type=\"page\">\n\t\t\t\t\t\t<section class=\"elementor-section elementor-top-section elementor-element elementor-element-96d38d3 claim section reset-top reset-bottom elementor-section-boxed elementor-section-height-default elementor-section-height-default\" data-id=\"96d38d3\" data-element_type=\"section\" data-e-type=\"section\" data-settings=\"{&quot;background_background&quot;:&quot;classic&quot;}\">\n\t\t\t\t\t\t<div class=\"elementor-container elementor-column-gap-default\">\n\t\t\t\t\t<div class=\"elementor-column elementor-col-100 elementor-top-column elementor-element elementor-element-857f649\" data-id=\"857f649\" data-element_type=\"column\" data-e-type=\"column\">\n\t\t\t<div class=\"elementor-widget-wrap elementor-element-populated\">\n\t\t\t\t\t\t<div class=\"elementor-element elementor-element-1286d60 elementor-widget elementor-widget-text-editor\" data-id=\"1286d60\" data-element_type=\"widget\" data-e-type=\"widget\" data-widget_type=\"text-editor.default\">\n\t\t\t\t<div class=\"elementor-widget-container\">\n\t\t\t\t\t\t\t\t\t<p>G\u00c2NDI\u021aI-V\u0102 LA VIITOR.<\/p>\t\t\t\t\t\t\t\t<\/div>\n\t\t\t\t<\/div>\n\t\t\t\t\t<\/div>\n\t\t<\/div>\n\t\t\t\t\t<\/div>\n\t\t<\/section>\n\t\t\t\t<section class=\"elementor-section elementor-top-section elementor-element elementor-element-08c93de elementor-section-full_width section elementor-section-height-default elementor-section-height-default\" data-id=\"08c93de\" data-element_type=\"section\" data-e-type=\"section\" data-settings=\"{&quot;background_background&quot;:&quot;classic&quot;}\">\n\t\t\t\t\t\t<div class=\"elementor-container elementor-column-gap-default\">\n\t\t\t\t\t<div class=\"elementor-column elementor-col-100 elementor-top-column elementor-element elementor-element-edc14f9\" data-id=\"edc14f9\" data-element_type=\"column\" data-e-type=\"column\">\n\t\t\t<div class=\"elementor-widget-wrap elementor-element-populated\">\n\t\t\t\t\t\t<div class=\"elementor-element elementor-element-07a80a1 elementor-widget__width-auto elementor-absolute root-button elementor-widget elementor-widget-button\" data-id=\"07a80a1\" data-element_type=\"widget\" data-e-type=\"widget\" data-settings=\"{&quot;_position&quot;:&quot;absolute&quot;}\" data-widget_type=\"button.default\">\n\t\t\t\t<div class=\"elementor-widget-container\">\n\t\t\t\t\t\t\t\t\t<div class=\"elementor-button-wrapper\">\n\t\t\t\t\t<a class=\"elementor-button elementor-button-link elementor-size-sm\" href=\"https:\/\/www.dowert-macht-mit.de\/ro\/\" rel=\"nofollow\">\n\t\t\t\t\t\t<span class=\"elementor-button-content-wrapper\">\n\t\t\t\t\t\t<span class=\"elementor-button-icon\">\n\t\t\t\t<i aria-hidden=\"true\" class=\"fas fa-chevron-circle-left\"><\/i>\t\t\t<\/span>\n\t\t\t\t\t\t\t\t\t<span class=\"elementor-button-text\">\u00eenapoi<\/span>\n\t\t\t\t\t<\/span>\n\t\t\t\t\t<\/a>\n\t\t\t\t<\/div>\n\t\t\t\t\t\t\t\t<\/div>\n\t\t\t\t<\/div>\n\t\t\t\t\t<\/div>\n\t\t<\/div>\n\t\t\t\t\t<\/div>\n\t\t<\/section>\n\t\t\t\t<section class=\"elementor-section elementor-top-section elementor-element elementor-element-f931253 section elementor-section-height-min-height elementor-section-items-top elementor-section-boxed elementor-section-height-default\" data-id=\"f931253\" data-element_type=\"section\" data-e-type=\"section\">\n\t\t\t\t\t\t<div class=\"elementor-container elementor-column-gap-default\">\n\t\t\t\t\t<div class=\"elementor-column elementor-col-100 elementor-top-column elementor-element elementor-element-28a5e6b\" data-id=\"28a5e6b\" data-element_type=\"column\" data-e-type=\"column\">\n\t\t\t<div class=\"elementor-widget-wrap elementor-element-populated\">\n\t\t\t\t\t\t<div class=\"elementor-element elementor-element-bcdd77d elementor-widget elementor-widget-heading\" data-id=\"bcdd77d\" data-element_type=\"widget\" data-e-type=\"widget\" data-widget_type=\"heading.default\">\n\t\t\t\t<div class=\"elementor-widget-container\">\n\t\t\t\t\t<h2 class=\"elementor-heading-title elementor-size-default\">Men\u021biuni legale<\/h2>\t\t\t\t<\/div>\n\t\t\t\t<\/div>\n\t\t\t\t<div class=\"elementor-element elementor-element-7e1633e elementor-widget elementor-widget-heading\" data-id=\"7e1633e\" data-element_type=\"widget\" data-e-type=\"widget\" data-widget_type=\"heading.default\">\n\t\t\t\t<div class=\"elementor-widget-container\">\n\t\t\t\t\t<p class=\"elementor-heading-title elementor-size-default\">DOWERT Dortmunder Wertstoff GmbH<\/p>\t\t\t\t<\/div>\n\t\t\t\t<\/div>\n\t\t\t\t<div class=\"elementor-element elementor-element-437c4fd elementor-widget elementor-widget-heading\" data-id=\"437c4fd\" data-element_type=\"widget\" data-e-type=\"widget\" data-widget_type=\"heading.default\">\n\t\t\t\t<div class=\"elementor-widget-container\">\n\t\t\t\t\t<p class=\"elementor-heading-title elementor-size-default\">Punct de lucru<\/p>\t\t\t\t<\/div>\n\t\t\t\t<\/div>\n\t\t\t\t<div class=\"elementor-element elementor-element-5c73635 elementor-widget elementor-widget-text-editor\" data-id=\"5c73635\" data-element_type=\"widget\" data-e-type=\"widget\" data-widget_type=\"text-editor.default\">\n\t\t\t\t<div class=\"elementor-widget-container\">\n\t\t\t\t\t\t\t\t\t<p>Pottgie\u00dferstra\u00dfe 20<br \/>44147 Dortmund<\/p>\t\t\t\t\t\t\t\t<\/div>\n\t\t\t\t<\/div>\n\t\t\t\t<div class=\"elementor-element elementor-element-62d2b01 elementor-widget elementor-widget-text-editor\" data-id=\"62d2b01\" data-element_type=\"widget\" data-e-type=\"widget\" data-widget_type=\"text-editor.default\">\n\t\t\t\t<div class=\"elementor-widget-container\">\n\t\t\t\t\t\t\t\t\t<p><span class=\"futura-normal\">T 0231 9111.680<br>F 0231 9111.96180<\/span>&nbsp;<\/p>\t\t\t\t\t\t\t\t<\/div>\n\t\t\t\t<\/div>\n\t\t\t\t<div class=\"elementor-element elementor-element-7a95860 elementor-widget elementor-widget-text-editor\" data-id=\"7a95860\" data-element_type=\"widget\" data-e-type=\"widget\" data-widget_type=\"text-editor.default\">\n\t\t\t\t<div class=\"elementor-widget-container\">\n\t\t\t\t\t\t\t\t\t<p>Sediul companiei: Dortmund<br \/>Tribunalul competent: Judec\u0103toria districtului Dortmund HRB 23493<\/p>\t\t\t\t\t\t\t\t<\/div>\n\t\t\t\t<\/div>\n\t\t\t\t<div class=\"elementor-element elementor-element-5811de6 elementor-widget elementor-widget-text-editor\" data-id=\"5811de6\" data-element_type=\"widget\" data-e-type=\"widget\" data-widget_type=\"text-editor.default\">\n\t\t\t\t<div class=\"elementor-widget-container\">\n\t\t\t\t\t\t\t\t\t<p>Director Administrativ: Georg Krieger<\/p><p><span class=\"futura-normal\">\u00a0<\/span><\/p>\t\t\t\t\t\t\t\t<\/div>\n\t\t\t\t<\/div>\n\t\t\t\t<div class=\"elementor-element elementor-element-4cf6031 elementor-widget elementor-widget-text-editor\" data-id=\"4cf6031\" data-element_type=\"widget\" data-e-type=\"widget\" data-widget_type=\"text-editor.default\">\n\t\t\t\t<div class=\"elementor-widget-container\">\n\t\t\t\t\t\t\t\t\t<p>CUI \u00een scopuri de TVA DE 274751821<\/p>\t\t\t\t\t\t\t\t<\/div>\n\t\t\t\t<\/div>\n\t\t\t\t<div class=\"elementor-element elementor-element-ba6d583 elementor-widget elementor-widget-text-editor\" data-id=\"ba6d583\" data-element_type=\"widget\" data-e-type=\"widget\" data-widget_type=\"text-editor.default\">\n\t\t\t\t<div class=\"elementor-widget-container\">\n\t\t\t\t\t\t\t\t\t<p><span style=\"text-decoration: underline;\"><a title=\"Link: info@dowert.de\" href=\"mailto:info@dowert.de\" target=\"_self\">info@dowert.de<\/a><\/span><br \/><span style=\"text-decoration: underline;\"><a title=\"Link: www.dowert.de\" href=\"http:\/\/www.dowert.de\/\" target=\"_self\" rel=\"noopener\">www.dowert.de<\/a><\/span><\/p>\t\t\t\t\t\t\t\t<\/div>\n\t\t\t\t<\/div>\n\t\t\t\t<div class=\"elementor-element elementor-element-0387457 elementor-widget elementor-widget-text-editor\" data-id=\"0387457\" data-element_type=\"widget\" data-e-type=\"widget\" data-widget_type=\"text-editor.default\">\n\t\t\t\t<div class=\"elementor-widget-container\">\n\t\t\t\t\t\t\t\t\t<p>Conform articolului 36 I nr. 1 din VSBG (Legea protec\u021biei consumatorului), men\u021bion\u0103m c\u0103 nu are loc nicio participare la procedurile de solu\u021bionare a litigiilor \u00een fa\u021ba unei comisii de arbitraj pentru consumatori.<\/p>\t\t\t\t\t\t\t\t<\/div>\n\t\t\t\t<\/div>\n\t\t\t\t<div class=\"elementor-element elementor-element-b002e99 elementor-widget elementor-widget-heading\" data-id=\"b002e99\" data-element_type=\"widget\" data-e-type=\"widget\" data-widget_type=\"heading.default\">\n\t\t\t\t<div class=\"elementor-widget-container\">\n\t\t\t\t\t<p class=\"elementor-heading-title elementor-size-default\">Indica\u021bie pentru toate link-urile de pe site-ul nostru web<\/p>\t\t\t\t<\/div>\n\t\t\t\t<\/div>\n\t\t\t\t<div class=\"elementor-element elementor-element-23dc28f elementor-widget elementor-widget-text-editor\" data-id=\"23dc28f\" data-element_type=\"widget\" data-e-type=\"widget\" data-widget_type=\"text-editor.default\">\n\t\t\t\t<div class=\"elementor-widget-container\">\n\t\t\t\t\t\t\t\t\t<p>Prin hot\u0103r\u00e2rea din data de 12 mai 1998,Tribunalul local din Hamburg a decis c\u0103 prin plasarea unui link pute\u021bi fi responsabil \u00een comun pentru con\u021binutul paginii conectate. Potrivit Tribunalului local, acest lucru poate fi prevenit numai prin distan\u021barea explicit\u0103 fa\u021b\u0103 de acest con\u021binut. Am plasat link-uri c\u0103tre alte pagini de pe Internet pe diferite pagini aferente acestei pagini principale. Pentru toate aceste link-uri sunt valabile urm\u0103toarele: Dorim s\u0103 subliniem explicit faptul c\u0103 nu avem nicio influen\u021b\u0103 asupra aspectului \u0219i con\u021binutului paginii conectate \u0219i c\u0103 nu adopt\u0103m con\u021binutul acesteia ca fiind al nostru. Aceast\u0103 declara\u021bie se aplic\u0103 tuturor link-urilor existente pe pagina noastr\u0103 principal\u0103.<\/p>\t\t\t\t\t\t\t\t<\/div>\n\t\t\t\t<\/div>\n\t\t\t\t\t<\/div>\n\t\t<\/div>\n\t\t\t\t\t<\/div>\n\t\t<\/section>\n\t\t\t\t<\/div>\n\t\t","protected":false},"excerpt":{"rendered":"<p>G\u00c2NDI\u021aI-V\u0102 LA VIITOR. \u00eenapoi Men\u021biuni legale DOWERT Dortmunder Wertstoff GmbH Punct de lucru Pottgie\u00dferstra\u00dfe 2044147 Dortmund T 0231 9111.680F 0231 9111.96180&nbsp; Sediul companiei: DortmundTribunalul competent: Judec\u0103toria districtului Dortmund HRB 23493 Director Administrativ: Georg Krieger \u00a0 CUI \u00een scopuri de TVA DE 274751821 info@dowert.dewww.dowert.de Conform articolului 36 I nr. 1 din VSBG (Legea protec\u021biei consumatorului), men\u021bion\u0103m [&hellip;]<\/p>\n","protected":false},"author":1,"featured_media":0,"parent":0,"menu_order":0,"comment_status":"closed","ping_status":"closed","template":"elementor_header_footer","meta":{"footnotes":""},"class_list":["post-1068","page","type-page","status-publish","hentry"],"_links":{"self":[{"href":"https:\/\/www.dowert-macht-mit.de\/ro\/wp-json\/wp\/v2\/pages\/1068","targetHints":{"allow":["GET"]}}],"collection":[{"href":"https:\/\/www.dowert-macht-mit.de\/ro\/wp-json\/wp\/v2\/pages"}],"about":[{"href":"https:\/\/www.dowert-macht-mit.de\/ro\/wp-json\/wp\/v2\/types\/page"}],"author":[{"embeddable":true,"href":"https:\/\/www.dowert-macht-mit.de\/ro\/wp-json\/wp\/v2\/users\/1"}],"replies":[{"embeddable":true,"href":"https:\/\/www.dowert-macht-mit.de\/ro\/wp-json\/wp\/v2\/comments?post=1068"}],"version-history":[{"count":19,"href":"https:\/\/www.dowert-macht-mit.de\/ro\/wp-json\/wp\/v2\/pages\/1068\/revisions"}],"predecessor-version":[{"id":1600,"href":"https:\/\/www.dowert-macht-mit.de\/ro\/wp-json\/wp\/v2\/pages\/1068\/revisions\/1600"}],"wp:attachment":[{"href":"https:\/\/www.dowert-macht-mit.de\/ro\/wp-json\/wp\/v2\/media?parent=1068"}],"curies":[{"name":"wp","href":"https:\/\/api.w.org\/{rel}","templated":true}]}}