{"id":1150,"date":"2021-01-22T10:15:01","date_gmt":"2021-01-22T10:15:01","guid":{"rendered":"https:\/\/www.dowert-macht-mit.de\/?page_id=1150"},"modified":"2021-05-31T09:22:11","modified_gmt":"2021-05-31T09:22:11","slug":"stopka-redakcyjna","status":"publish","type":"page","link":"https:\/\/www.dowert-macht-mit.de\/pl\/stopka-redakcyjna\/","title":{"rendered":"Stopka redakcyjna"},"content":{"rendered":"\t\t<div data-elementor-type=\"wp-page\" data-elementor-id=\"1150\" class=\"elementor elementor-1150\" data-elementor-post-type=\"page\">\n\t\t\t\t\t\t<section class=\"elementor-section elementor-top-section elementor-element elementor-element-54cdc56 claim section reset-top reset-bottom elementor-section-boxed elementor-section-height-default elementor-section-height-default\" data-id=\"54cdc56\" data-element_type=\"section\" data-e-type=\"section\" data-settings=\"{&quot;background_background&quot;:&quot;classic&quot;}\">\n\t\t\t\t\t\t<div class=\"elementor-container elementor-column-gap-default\">\n\t\t\t\t\t<div class=\"elementor-column elementor-col-100 elementor-top-column elementor-element elementor-element-3b0bbc9\" data-id=\"3b0bbc9\" data-element_type=\"column\" data-e-type=\"column\">\n\t\t\t<div class=\"elementor-widget-wrap elementor-element-populated\">\n\t\t\t\t\t\t<div class=\"elementor-element elementor-element-ef39ed0 elementor-widget elementor-widget-text-editor\" data-id=\"ef39ed0\" data-element_type=\"widget\" data-e-type=\"widget\" data-widget_type=\"text-editor.default\">\n\t\t\t\t<div class=\"elementor-widget-container\">\n\t\t\t\t\t\t\t\t\t<p>POMY\u015aL O\u00a0JUTRZE.<\/p>\t\t\t\t\t\t\t\t<\/div>\n\t\t\t\t<\/div>\n\t\t\t\t\t<\/div>\n\t\t<\/div>\n\t\t\t\t\t<\/div>\n\t\t<\/section>\n\t\t\t\t<section class=\"elementor-section elementor-top-section elementor-element elementor-element-08c93de elementor-section-full_width section elementor-section-height-default elementor-section-height-default\" data-id=\"08c93de\" data-element_type=\"section\" data-e-type=\"section\" data-settings=\"{&quot;background_background&quot;:&quot;classic&quot;}\">\n\t\t\t\t\t\t<div class=\"elementor-container elementor-column-gap-default\">\n\t\t\t\t\t<div class=\"elementor-column elementor-col-100 elementor-top-column elementor-element elementor-element-edc14f9\" data-id=\"edc14f9\" data-element_type=\"column\" data-e-type=\"column\">\n\t\t\t<div class=\"elementor-widget-wrap elementor-element-populated\">\n\t\t\t\t\t\t<div class=\"elementor-element elementor-element-07a80a1 elementor-widget__width-auto elementor-absolute root-button elementor-widget elementor-widget-button\" data-id=\"07a80a1\" data-element_type=\"widget\" data-e-type=\"widget\" data-settings=\"{&quot;_position&quot;:&quot;absolute&quot;}\" data-widget_type=\"button.default\">\n\t\t\t\t<div class=\"elementor-widget-container\">\n\t\t\t\t\t\t\t\t\t<div class=\"elementor-button-wrapper\">\n\t\t\t\t\t<a class=\"elementor-button elementor-button-link elementor-size-sm\" href=\"https:\/\/www.dowert-macht-mit.de\/pl\/\" rel=\"nofollow\">\n\t\t\t\t\t\t<span class=\"elementor-button-content-wrapper\">\n\t\t\t\t\t\t<span class=\"elementor-button-icon\">\n\t\t\t\t<i aria-hidden=\"true\" class=\"fas fa-chevron-circle-left\"><\/i>\t\t\t<\/span>\n\t\t\t\t\t\t\t\t\t<span class=\"elementor-button-text\">wstecz<\/span>\n\t\t\t\t\t<\/span>\n\t\t\t\t\t<\/a>\n\t\t\t\t<\/div>\n\t\t\t\t\t\t\t\t<\/div>\n\t\t\t\t<\/div>\n\t\t\t\t\t<\/div>\n\t\t<\/div>\n\t\t\t\t\t<\/div>\n\t\t<\/section>\n\t\t\t\t<section class=\"elementor-section elementor-top-section elementor-element elementor-element-f931253 section elementor-section-height-min-height elementor-section-items-top elementor-section-boxed elementor-section-height-default\" data-id=\"f931253\" data-element_type=\"section\" data-e-type=\"section\">\n\t\t\t\t\t\t<div class=\"elementor-container elementor-column-gap-default\">\n\t\t\t\t\t<div class=\"elementor-column elementor-col-100 elementor-top-column elementor-element elementor-element-28a5e6b\" data-id=\"28a5e6b\" data-element_type=\"column\" data-e-type=\"column\">\n\t\t\t<div class=\"elementor-widget-wrap elementor-element-populated\">\n\t\t\t\t\t\t<div class=\"elementor-element elementor-element-bcdd77d elementor-widget elementor-widget-heading\" data-id=\"bcdd77d\" data-element_type=\"widget\" data-e-type=\"widget\" data-widget_type=\"heading.default\">\n\t\t\t\t<div class=\"elementor-widget-container\">\n\t\t\t\t\t<h2 class=\"elementor-heading-title elementor-size-default\">Stopka redakcyjna<\/h2>\t\t\t\t<\/div>\n\t\t\t\t<\/div>\n\t\t\t\t<div class=\"elementor-element elementor-element-7e1633e elementor-widget elementor-widget-heading\" data-id=\"7e1633e\" data-element_type=\"widget\" data-e-type=\"widget\" data-widget_type=\"heading.default\">\n\t\t\t\t<div class=\"elementor-widget-container\">\n\t\t\t\t\t<p class=\"elementor-heading-title elementor-size-default\">DOWERT Dortmunder Wertstoff GmbH<\/p>\t\t\t\t<\/div>\n\t\t\t\t<\/div>\n\t\t\t\t<div class=\"elementor-element elementor-element-437c4fd elementor-widget elementor-widget-heading\" data-id=\"437c4fd\" data-element_type=\"widget\" data-e-type=\"widget\" data-widget_type=\"heading.default\">\n\t\t\t\t<div class=\"elementor-widget-container\">\n\t\t\t\t\t<p class=\"elementor-heading-title elementor-size-default\">Firma<\/p>\t\t\t\t<\/div>\n\t\t\t\t<\/div>\n\t\t\t\t<div class=\"elementor-element elementor-element-5c73635 elementor-widget elementor-widget-text-editor\" data-id=\"5c73635\" data-element_type=\"widget\" data-e-type=\"widget\" data-widget_type=\"text-editor.default\">\n\t\t\t\t<div class=\"elementor-widget-container\">\n\t\t\t\t\t\t\t\t\t<p>Pottgie\u00dferstra\u00dfe 20<br \/>44147 Dortmund<\/p>\t\t\t\t\t\t\t\t<\/div>\n\t\t\t\t<\/div>\n\t\t\t\t<div class=\"elementor-element elementor-element-62d2b01 elementor-widget elementor-widget-text-editor\" data-id=\"62d2b01\" data-element_type=\"widget\" data-e-type=\"widget\" data-widget_type=\"text-editor.default\">\n\t\t\t\t<div class=\"elementor-widget-container\">\n\t\t\t\t\t\t\t\t\t<p><span class=\"futura-normal\">T 0231 9111.680<br>F 0231 9111.96180<\/span>&nbsp;<\/p>\t\t\t\t\t\t\t\t<\/div>\n\t\t\t\t<\/div>\n\t\t\t\t<div class=\"elementor-element elementor-element-7a95860 elementor-widget elementor-widget-text-editor\" data-id=\"7a95860\" data-element_type=\"widget\" data-e-type=\"widget\" data-widget_type=\"text-editor.default\">\n\t\t\t\t<div class=\"elementor-widget-container\">\n\t\t\t\t\t\t\t\t\t<p>Siedziba firmy: Dortmund<br \/>S\u0105d Rejestrowy: S\u0105d Rejonowy w\u00a0Dortmundzie HRB 23493<\/p>\t\t\t\t\t\t\t\t<\/div>\n\t\t\t\t<\/div>\n\t\t\t\t<div class=\"elementor-element elementor-element-5811de6 elementor-widget elementor-widget-text-editor\" data-id=\"5811de6\" data-element_type=\"widget\" data-e-type=\"widget\" data-widget_type=\"text-editor.default\">\n\t\t\t\t<div class=\"elementor-widget-container\">\n\t\t\t\t\t\t\t\t\t<p><span class=\"futura-normal\">Dyrektor zarz\u0105dzaj\u0105cy: Georg Krieger<br \/><\/span><\/p>\t\t\t\t\t\t\t\t<\/div>\n\t\t\t\t<\/div>\n\t\t\t\t<div class=\"elementor-element elementor-element-4cf6031 elementor-widget elementor-widget-text-editor\" data-id=\"4cf6031\" data-element_type=\"widget\" data-e-type=\"widget\" data-widget_type=\"text-editor.default\">\n\t\t\t\t<div class=\"elementor-widget-container\">\n\t\t\t\t\t\t\t\t\t<p>VAT UE DE 274751821<\/p>\t\t\t\t\t\t\t\t<\/div>\n\t\t\t\t<\/div>\n\t\t\t\t<div class=\"elementor-element elementor-element-ba6d583 elementor-widget elementor-widget-text-editor\" data-id=\"ba6d583\" data-element_type=\"widget\" data-e-type=\"widget\" data-widget_type=\"text-editor.default\">\n\t\t\t\t<div class=\"elementor-widget-container\">\n\t\t\t\t\t\t\t\t\t<p><span style=\"text-decoration: underline;\"><a title=\"Link: info@dowert.de\" href=\"mailto:info@dowert.de\" target=\"_self\">info@dowert.de<\/a><\/span><br \/><span style=\"text-decoration: underline;\"><a title=\"Link: www.dowert.de\" href=\"http:\/\/www.dowert.de\/\" target=\"_self\" rel=\"noopener\">www.dowert.de<\/a><\/span><\/p>\t\t\t\t\t\t\t\t<\/div>\n\t\t\t\t<\/div>\n\t\t\t\t<div class=\"elementor-element elementor-element-0387457 elementor-widget elementor-widget-text-editor\" data-id=\"0387457\" data-element_type=\"widget\" data-e-type=\"widget\" data-widget_type=\"text-editor.default\">\n\t\t\t\t<div class=\"elementor-widget-container\">\n\t\t\t\t\t\t\t\t\t<p>Zgodnie z\u00a0\u00a7 36\u00a0I nr\u00a01 VSBG zwracamy uwag\u0119, \u017ce nie\u00a0uczestniczymy w\u00a0procedurach rozstrzygania spor\u00f3w przed konsumenckim organem pojednawczym.<\/p>\t\t\t\t\t\t\t\t<\/div>\n\t\t\t\t<\/div>\n\t\t\t\t<div class=\"elementor-element elementor-element-b002e99 elementor-widget elementor-widget-heading\" data-id=\"b002e99\" data-element_type=\"widget\" data-e-type=\"widget\" data-widget_type=\"heading.default\">\n\t\t\t\t<div class=\"elementor-widget-container\">\n\t\t\t\t\t<p class=\"elementor-heading-title elementor-size-default\">Informacja dotycz\u0105ca wszystkich link\u00f3w na naszej stronie internetowej<\/p>\t\t\t\t<\/div>\n\t\t\t\t<\/div>\n\t\t\t\t<div class=\"elementor-element elementor-element-23dc28f elementor-widget elementor-widget-text-editor\" data-id=\"23dc28f\" data-element_type=\"widget\" data-e-type=\"widget\" data-widget_type=\"text-editor.default\">\n\t\t\t\t<div class=\"elementor-widget-container\">\n\t\t\t\t\t\t\t\t\t<p>Wyrokiem z\u00a0dnia 12 maja 1998 S\u0105d Krajowy w\u00a0Hamburgu orzek\u0142, \u017ce tak\u017ce w\u00a0przypadku stosowania linku nale\u017cy ewentualnie ponie\u015b\u0107 odpowiedzialno\u015b\u0107 za\u00a0tre\u015bci olinkowanej strony. Wed\u0142ug S\u0105du Krajowego mo\u017cna temu zapobiec jedynie poprzez wyra\u017ane zdystansowanie si\u0119 od\u00a0tych tre\u015bci. Na\u00a0r\u00f3\u017cnych stronach tej strony g\u0142\u00f3wnej zamie\u015bcili\u015bmy linki do innych stron w\u00a0Internecie. Dla\u00a0wszystkich tych link\u00f3w obowi\u0105zuje: Pragniemy wyra\u017anie podkre\u015bli\u0107, \u017ce nie\u00a0mamy \u017cadnego wp\u0142ywu na wygl\u0105d i\u00a0tre\u015b\u0107 olinkowanych stron i\u00a0nie\u00a0traktujemy ich tre\u015bci jako w\u0142asnych. Niniejsze o\u015bwiadczenie dotyczy wszystkich link\u00f3w istniej\u0105cych na naszej stronie internetowej.<\/p>\t\t\t\t\t\t\t\t<\/div>\n\t\t\t\t<\/div>\n\t\t\t\t\t<\/div>\n\t\t<\/div>\n\t\t\t\t\t<\/div>\n\t\t<\/section>\n\t\t\t\t<\/div>\n\t\t","protected":false},"excerpt":{"rendered":"<p>POMY\u015aL O\u00a0JUTRZE. wstecz Stopka redakcyjna DOWERT Dortmunder Wertstoff GmbH Firma Pottgie\u00dferstra\u00dfe 2044147 Dortmund T 0231 9111.680F 0231 9111.96180&nbsp; Siedziba firmy: DortmundS\u0105d Rejestrowy: S\u0105d Rejonowy w\u00a0Dortmundzie HRB 23493 Dyrektor zarz\u0105dzaj\u0105cy: Georg Krieger VAT UE DE 274751821 info@dowert.dewww.dowert.de Zgodnie z\u00a0\u00a7 36\u00a0I nr\u00a01 VSBG zwracamy uwag\u0119, \u017ce nie\u00a0uczestniczymy w\u00a0procedurach rozstrzygania spor\u00f3w przed konsumenckim organem pojednawczym. Informacja dotycz\u0105ca wszystkich [&hellip;]<\/p>\n","protected":false},"author":1,"featured_media":0,"parent":0,"menu_order":0,"comment_status":"closed","ping_status":"closed","template":"elementor_header_footer","meta":{"footnotes":""},"class_list":["post-1150","page","type-page","status-publish","hentry"],"_links":{"self":[{"href":"https:\/\/www.dowert-macht-mit.de\/pl\/wp-json\/wp\/v2\/pages\/1150","targetHints":{"allow":["GET"]}}],"collection":[{"href":"https:\/\/www.dowert-macht-mit.de\/pl\/wp-json\/wp\/v2\/pages"}],"about":[{"href":"https:\/\/www.dowert-macht-mit.de\/pl\/wp-json\/wp\/v2\/types\/page"}],"author":[{"embeddable":true,"href":"https:\/\/www.dowert-macht-mit.de\/pl\/wp-json\/wp\/v2\/users\/1"}],"replies":[{"embeddable":true,"href":"https:\/\/www.dowert-macht-mit.de\/pl\/wp-json\/wp\/v2\/comments?post=1150"}],"version-history":[{"count":16,"href":"https:\/\/www.dowert-macht-mit.de\/pl\/wp-json\/wp\/v2\/pages\/1150\/revisions"}],"predecessor-version":[{"id":1609,"href":"https:\/\/www.dowert-macht-mit.de\/pl\/wp-json\/wp\/v2\/pages\/1150\/revisions\/1609"}],"wp:attachment":[{"href":"https:\/\/www.dowert-macht-mit.de\/pl\/wp-json\/wp\/v2\/media?parent=1150"}],"curies":[{"name":"wp","href":"https:\/\/api.w.org\/{rel}","templated":true}]}}