{"id":1176,"date":"2021-01-22T10:26:41","date_gmt":"2021-01-22T10:26:41","guid":{"rendered":"https:\/\/www.dowert-macht-mit.de\/?page_id=1176"},"modified":"2021-06-16T15:20:32","modified_gmt":"2021-06-16T15:20:32","slug":"aviso-legal","status":"publish","type":"page","link":"https:\/\/www.dowert-macht-mit.de\/es\/aviso-legal\/","title":{"rendered":"Aviso legal"},"content":{"rendered":"\t\t<div data-elementor-type=\"wp-page\" data-elementor-id=\"1176\" class=\"elementor elementor-1176\" data-elementor-post-type=\"page\">\n\t\t\t\t\t\t<section class=\"elementor-section elementor-top-section elementor-element elementor-element-54cdc56 claim section reset-top reset-bottom elementor-section-boxed elementor-section-height-default elementor-section-height-default\" data-id=\"54cdc56\" data-element_type=\"section\" data-e-type=\"section\" data-settings=\"{&quot;background_background&quot;:&quot;classic&quot;}\">\n\t\t\t\t\t\t<div class=\"elementor-container elementor-column-gap-default\">\n\t\t\t\t\t<div class=\"elementor-column elementor-col-100 elementor-top-column elementor-element elementor-element-3b0bbc9\" data-id=\"3b0bbc9\" data-element_type=\"column\" data-e-type=\"column\">\n\t\t\t<div class=\"elementor-widget-wrap elementor-element-populated\">\n\t\t\t\t\t\t<div class=\"elementor-element elementor-element-ef39ed0 elementor-widget elementor-widget-text-editor\" data-id=\"ef39ed0\" data-element_type=\"widget\" data-e-type=\"widget\" data-widget_type=\"text-editor.default\">\n\t\t\t\t<div class=\"elementor-widget-container\">\n\t\t\t\t\t\t\t\t\tPIENSE EN EL MA\u00d1ANA.\t\t\t\t\t\t\t\t<\/div>\n\t\t\t\t<\/div>\n\t\t\t\t\t<\/div>\n\t\t<\/div>\n\t\t\t\t\t<\/div>\n\t\t<\/section>\n\t\t\t\t<section class=\"elementor-section elementor-top-section elementor-element elementor-element-08c93de elementor-section-full_width section elementor-section-height-default elementor-section-height-default\" data-id=\"08c93de\" data-element_type=\"section\" data-e-type=\"section\" data-settings=\"{&quot;background_background&quot;:&quot;classic&quot;}\">\n\t\t\t\t\t\t<div class=\"elementor-container elementor-column-gap-default\">\n\t\t\t\t\t<div class=\"elementor-column elementor-col-100 elementor-top-column elementor-element elementor-element-edc14f9\" data-id=\"edc14f9\" data-element_type=\"column\" data-e-type=\"column\">\n\t\t\t<div class=\"elementor-widget-wrap elementor-element-populated\">\n\t\t\t\t\t\t<div class=\"elementor-element elementor-element-07a80a1 elementor-widget__width-auto elementor-absolute root-button elementor-widget elementor-widget-button\" data-id=\"07a80a1\" data-element_type=\"widget\" data-e-type=\"widget\" data-settings=\"{&quot;_position&quot;:&quot;absolute&quot;}\" data-widget_type=\"button.default\">\n\t\t\t\t<div class=\"elementor-widget-container\">\n\t\t\t\t\t\t\t\t\t<div class=\"elementor-button-wrapper\">\n\t\t\t\t\t<a class=\"elementor-button elementor-button-link elementor-size-sm\" href=\"https:\/\/www.dowert-macht-mit.de\/es\/\" rel=\"nofollow\">\n\t\t\t\t\t\t<span class=\"elementor-button-content-wrapper\">\n\t\t\t\t\t\t<span class=\"elementor-button-icon\">\n\t\t\t\t<i aria-hidden=\"true\" class=\"fas fa-chevron-circle-left\"><\/i>\t\t\t<\/span>\n\t\t\t\t\t\t\t\t\t<span class=\"elementor-button-text\">atr\u00e1s<\/span>\n\t\t\t\t\t<\/span>\n\t\t\t\t\t<\/a>\n\t\t\t\t<\/div>\n\t\t\t\t\t\t\t\t<\/div>\n\t\t\t\t<\/div>\n\t\t\t\t\t<\/div>\n\t\t<\/div>\n\t\t\t\t\t<\/div>\n\t\t<\/section>\n\t\t\t\t<section class=\"elementor-section elementor-top-section elementor-element elementor-element-f931253 section elementor-section-height-min-height elementor-section-items-top elementor-section-boxed elementor-section-height-default\" data-id=\"f931253\" data-element_type=\"section\" data-e-type=\"section\">\n\t\t\t\t\t\t<div class=\"elementor-container elementor-column-gap-default\">\n\t\t\t\t\t<div class=\"elementor-column elementor-col-100 elementor-top-column elementor-element elementor-element-28a5e6b\" data-id=\"28a5e6b\" data-element_type=\"column\" data-e-type=\"column\">\n\t\t\t<div class=\"elementor-widget-wrap elementor-element-populated\">\n\t\t\t\t\t\t<div class=\"elementor-element elementor-element-bcdd77d elementor-widget elementor-widget-heading\" data-id=\"bcdd77d\" data-element_type=\"widget\" data-e-type=\"widget\" data-widget_type=\"heading.default\">\n\t\t\t\t<div class=\"elementor-widget-container\">\n\t\t\t\t\t<h2 class=\"elementor-heading-title elementor-size-default\">Aviso legal<\/h2>\t\t\t\t<\/div>\n\t\t\t\t<\/div>\n\t\t\t\t<div class=\"elementor-element elementor-element-7e1633e elementor-widget elementor-widget-heading\" data-id=\"7e1633e\" data-element_type=\"widget\" data-e-type=\"widget\" data-widget_type=\"heading.default\">\n\t\t\t\t<div class=\"elementor-widget-container\">\n\t\t\t\t\t<p class=\"elementor-heading-title elementor-size-default\">DOWERT Dortmunder Wertstoff GmbH<\/p>\t\t\t\t<\/div>\n\t\t\t\t<\/div>\n\t\t\t\t<div class=\"elementor-element elementor-element-437c4fd elementor-widget elementor-widget-heading\" data-id=\"437c4fd\" data-element_type=\"widget\" data-e-type=\"widget\" data-widget_type=\"heading.default\">\n\t\t\t\t<div class=\"elementor-widget-container\">\n\t\t\t\t\t<p class=\"elementor-heading-title elementor-size-default\">Empresa<\/p>\t\t\t\t<\/div>\n\t\t\t\t<\/div>\n\t\t\t\t<div class=\"elementor-element elementor-element-5c73635 elementor-widget elementor-widget-text-editor\" data-id=\"5c73635\" data-element_type=\"widget\" data-e-type=\"widget\" data-widget_type=\"text-editor.default\">\n\t\t\t\t<div class=\"elementor-widget-container\">\n\t\t\t\t\t\t\t\t\t<p>Pottgie\u00dferstra\u00dfe 20<br \/>44147 Dortmund<\/p>\t\t\t\t\t\t\t\t<\/div>\n\t\t\t\t<\/div>\n\t\t\t\t<div class=\"elementor-element elementor-element-62d2b01 elementor-widget elementor-widget-text-editor\" data-id=\"62d2b01\" data-element_type=\"widget\" data-e-type=\"widget\" data-widget_type=\"text-editor.default\">\n\t\t\t\t<div class=\"elementor-widget-container\">\n\t\t\t\t\t\t\t\t\t<p><span class=\"futura-normal\">T 0231 9111.680<br>F 0231 9111.96180<\/span>&nbsp;<\/p>\t\t\t\t\t\t\t\t<\/div>\n\t\t\t\t<\/div>\n\t\t\t\t<div class=\"elementor-element elementor-element-7a95860 elementor-widget elementor-widget-text-editor\" data-id=\"7a95860\" data-element_type=\"widget\" data-e-type=\"widget\" data-widget_type=\"text-editor.default\">\n\t\t\t\t<div class=\"elementor-widget-container\">\n\t\t\t\t\t\t\t\t\t<p>Sede de la empresa: Dortmund<br \/>Tribunal de registro: Tribunal de primera instancia de Dortmund, HRB 23493<\/p>\t\t\t\t\t\t\t\t<\/div>\n\t\t\t\t<\/div>\n\t\t\t\t<div class=\"elementor-element elementor-element-5811de6 elementor-widget elementor-widget-text-editor\" data-id=\"5811de6\" data-element_type=\"widget\" data-e-type=\"widget\" data-widget_type=\"text-editor.default\">\n\t\t\t\t<div class=\"elementor-widget-container\">\n\t\t\t\t\t\t\t\t\t<p>Director general: Georg Krieger<\/p><p><span class=\"futura-normal\">\u00a0<\/span><\/p>\t\t\t\t\t\t\t\t<\/div>\n\t\t\t\t<\/div>\n\t\t\t\t<div class=\"elementor-element elementor-element-4cf6031 elementor-widget elementor-widget-text-editor\" data-id=\"4cf6031\" data-element_type=\"widget\" data-e-type=\"widget\" data-widget_type=\"text-editor.default\">\n\t\t\t\t<div class=\"elementor-widget-container\">\n\t\t\t\t\t\t\t\t\t<p>N.\u00ba de id. fiscal a efectos del IVA: DE 274751821<\/p>\t\t\t\t\t\t\t\t<\/div>\n\t\t\t\t<\/div>\n\t\t\t\t<div class=\"elementor-element elementor-element-ba6d583 elementor-widget elementor-widget-text-editor\" data-id=\"ba6d583\" data-element_type=\"widget\" data-e-type=\"widget\" data-widget_type=\"text-editor.default\">\n\t\t\t\t<div class=\"elementor-widget-container\">\n\t\t\t\t\t\t\t\t\t<p><span style=\"text-decoration: underline;\"><a title=\"Link: info@dowert.de\" href=\"mailto:info@dowert.de\" target=\"_self\">info@dowert.de<\/a><\/span><br \/><span style=\"text-decoration: underline;\"><a title=\"Link: www.dowert.de\" href=\"http:\/\/www.dowert.de\/\" target=\"_self\" rel=\"noopener\">www.dowert.de<\/a><\/span><\/p>\t\t\t\t\t\t\t\t<\/div>\n\t\t\t\t<\/div>\n\t\t\t\t<div class=\"elementor-element elementor-element-0387457 elementor-widget elementor-widget-text-editor\" data-id=\"0387457\" data-element_type=\"widget\" data-e-type=\"widget\" data-widget_type=\"text-editor.default\">\n\t\t\t\t<div class=\"elementor-widget-container\">\n\t\t\t\t\t\t\t\t\t<p>De acuerdo con el \u00a7 36 I No. 1 de la Ley alemana de resoluci\u00f3n de conflictos de consumo (VSBG), se\u00f1alamos que no participaremos en ning\u00fan procedimiento de resoluci\u00f3n de conflictos ante una junta arbitral de consumo.<\/p>\t\t\t\t\t\t\t\t<\/div>\n\t\t\t\t<\/div>\n\t\t\t\t<div class=\"elementor-element elementor-element-b002e99 elementor-widget elementor-widget-heading\" data-id=\"b002e99\" data-element_type=\"widget\" data-e-type=\"widget\" data-widget_type=\"heading.default\">\n\t\t\t\t<div class=\"elementor-widget-container\">\n\t\t\t\t\t<p class=\"elementor-heading-title elementor-size-default\">Nota sobre todos los enlaces de nuestro sitio web<\/p>\t\t\t\t<\/div>\n\t\t\t\t<\/div>\n\t\t\t\t<div class=\"elementor-element elementor-element-23dc28f elementor-widget elementor-widget-text-editor\" data-id=\"23dc28f\" data-element_type=\"widget\" data-e-type=\"widget\" data-widget_type=\"text-editor.default\">\n\t\t\t\t<div class=\"elementor-widget-container\">\n\t\t\t\t\t\t\t\t\t<p>En su sentencia del 12 de mayo de 1998, el Tribunal de primera instancia de Hamburgo decidi\u00f3 que al colocar un enlace en un sitio web, el propietario de dicho sitio web puede ser corresponsable del contenido de la p\u00e1gina enlazada. Seg\u00fan el mismo Tribunal de primera instancia, dicha corresponsabilidad solo puede evitarse distanci\u00e1ndose expresamente del contenido. Hemos colocado enlaces a otras p\u00e1ginas de Internet en varias p\u00e1ginas de este sitio web. Para<\/p>\t\t\t\t\t\t\t\t<\/div>\n\t\t\t\t<\/div>\n\t\t\t\t\t<\/div>\n\t\t<\/div>\n\t\t\t\t\t<\/div>\n\t\t<\/section>\n\t\t\t\t<\/div>\n\t\t","protected":false},"excerpt":{"rendered":"<p>PIENSE EN EL MA\u00d1ANA. atr\u00e1s Aviso legal DOWERT Dortmunder Wertstoff GmbH Empresa Pottgie\u00dferstra\u00dfe 2044147 Dortmund T 0231 9111.680F 0231 9111.96180&nbsp; Sede de la empresa: DortmundTribunal de registro: Tribunal de primera instancia de Dortmund, HRB 23493 Director general: Georg Krieger \u00a0 N.\u00ba de id. fiscal a efectos del IVA: DE 274751821 info@dowert.dewww.dowert.de De acuerdo con el [&hellip;]<\/p>\n","protected":false},"author":1,"featured_media":0,"parent":0,"menu_order":0,"comment_status":"closed","ping_status":"closed","template":"elementor_header_footer","meta":{"footnotes":""},"class_list":["post-1176","page","type-page","status-publish","hentry"],"_links":{"self":[{"href":"https:\/\/www.dowert-macht-mit.de\/es\/wp-json\/wp\/v2\/pages\/1176","targetHints":{"allow":["GET"]}}],"collection":[{"href":"https:\/\/www.dowert-macht-mit.de\/es\/wp-json\/wp\/v2\/pages"}],"about":[{"href":"https:\/\/www.dowert-macht-mit.de\/es\/wp-json\/wp\/v2\/types\/page"}],"author":[{"embeddable":true,"href":"https:\/\/www.dowert-macht-mit.de\/es\/wp-json\/wp\/v2\/users\/1"}],"replies":[{"embeddable":true,"href":"https:\/\/www.dowert-macht-mit.de\/es\/wp-json\/wp\/v2\/comments?post=1176"}],"version-history":[{"count":19,"href":"https:\/\/www.dowert-macht-mit.de\/es\/wp-json\/wp\/v2\/pages\/1176\/revisions"}],"predecessor-version":[{"id":1637,"href":"https:\/\/www.dowert-macht-mit.de\/es\/wp-json\/wp\/v2\/pages\/1176\/revisions\/1637"}],"wp:attachment":[{"href":"https:\/\/www.dowert-macht-mit.de\/es\/wp-json\/wp\/v2\/media?parent=1176"}],"curies":[{"name":"wp","href":"https:\/\/api.w.org\/{rel}","templated":true}]}}